{"id":1345,"date":"2013-12-03T06:16:44","date_gmt":"2013-12-03T05:16:44","guid":{"rendered":"http:\/\/wpexplorer-demos.com\/?page_id=1345"},"modified":"2020-11-20T11:50:40","modified_gmt":"2020-11-20T10:50:40","slug":"contact","status":"publish","type":"page","link":"https:\/\/www.ats67.com\/index.php\/contact\/","title":{"rendered":"Contactez-nous"},"content":{"rendered":"[vc_row][vc_column][vc_column_text text_align=\u00a0\u00bbcenter\u00a0\u00bb]\n<p style=\"text-align: center;\"><strong><span style=\"font-size: 21px;\">Chapiteaux, planchers, mobilier personnalis\u00e9, structures mobiles et d\u2019installations \u00e9v\u00e9nementielles, nous vous proposerons les solutions les plus performantes et les mieux adapt\u00e9es \u00e0 toutes vos exigences.<\/span><\/strong><\/p>\n[\/vc_column_text][\/vc_column][\/vc_row][vc_row 0=\u00a0\u00bb\u00a0\u00bb full_width=\u00a0\u00bbstretch_row_content_no_spaces\u00a0\u00bb][vc_column][vc_gmaps link=\u00a0\u00bb#E-8_JTNDaWZyYW1lJTIwc3JjJTNEJTIyaHR0cHMlM0ElMkYlMkZ3d3cuZ29vZ2xlLmNvbSUyRm1hcHMlMkZlbWJlZCUzRnBiJTNEJTIxMW0xNCUyMTFtOCUyMTFtMyUyMTFkMjEwODguNDg0MzgxMzYxNDUlMjEyZDcuNDI2OTUxNDEwNzE0NzQ4JTIxM2Q0OC42NDY5NTY4OTY3NjY2MyUyMTNtMiUyMTFpMTAyNCUyMTJpNzY4JTIxNGYxMy4xJTIxM20zJTIxMW0yJTIxMXMweDAlMjUzQTB4MzBjYTJiODFkNzA3MTYzMCUyMTJzQVRTJTIxNWUwJTIxM20yJTIxMXNmciUyMTJzZnIlMjE0djE1NDgxNzk2OTk3MzYlMjIlMjB3aWR0aCUzRCUyMjE5ODAlMjIlMjBoZWlnaHQlM0QlMjI1ODAlMjIlMjBmcmFtZWJvcmRlciUzRCUyMjAlMjIlMjBzdHlsZSUzRCUyMmJvcmRlciUzQTAlMjIlMjBhbGxvd2Z1bGxzY3JlZW4lM0UlM0MlMkZpZnJhbWUlM0U=\u00a0\u00bb size=\u00a0\u00bb580&Prime; type=\u00a0\u00bbm\u00a0\u00bb zoom=\u00a0\u00bb14&Prime;][\/vc_column][\/vc_row][vc_row column_spacing=\u00a0\u00bb40&Prime; bg_style=\u00a0\u00bbstretch\u00a0\u00bb css=\u00a0\u00bb.vc_custom_1489785664495{padding-top: 15px !important;padding-bottom: 15px !important;}\u00a0\u00bb][vc_column width=\u00a0\u00bb3\/4&Prime;]<div role=\"form\" class=\"wpcf7\" id=\"wpcf7-f1335-o1\" lang=\"en-US\" dir=\"ltr\">\n<div class=\"screen-reader-response\"><p role=\"status\" aria-live=\"polite\" aria-atomic=\"true\"><\/p> <ul><\/ul><\/div>\n<form action=\"\/index.php\/wp-json\/wp\/v2\/pages\/1345#wpcf7-f1335-o1\" method=\"post\" class=\"wpcf7-form init\" novalidate=\"novalidate\" data-status=\"init\">\n<div style=\"display: none;\">\n<input type=\"hidden\" name=\"_wpcf7\" value=\"1335\" \/>\n<input type=\"hidden\" name=\"_wpcf7_version\" value=\"5.5.4\" \/>\n<input type=\"hidden\" name=\"_wpcf7_locale\" value=\"en_US\" \/>\n<input type=\"hidden\" name=\"_wpcf7_unit_tag\" value=\"wpcf7-f1335-o1\" \/>\n<input type=\"hidden\" name=\"_wpcf7_container_post\" value=\"0\" \/>\n<input type=\"hidden\" name=\"_wpcf7_posted_data_hash\" value=\"\" \/>\n<input type=\"hidden\" name=\"_wpcf7_recaptcha_response\" value=\"\" \/>\n<\/div>\n<p class=\"one-half first\"><span class=\"wpcf7-form-control-wrap your-name\"><input type=\"text\" name=\"your-name\" value=\"Votre nom\" size=\"40\" class=\"wpcf7-form-control wpcf7-text wpcf7-validates-as-required\" aria-required=\"true\" aria-invalid=\"false\" \/><\/span><\/p>\n<p class=\"one-half\"><span class=\"wpcf7-form-control-wrap your-email\"><input type=\"email\" name=\"your-email\" value=\"Votre Email\" size=\"40\" class=\"wpcf7-form-control wpcf7-text wpcf7-email wpcf7-validates-as-required wpcf7-validates-as-email\" aria-required=\"true\" aria-invalid=\"false\" \/><\/span><\/p>\n<p><span class=\"wpcf7-form-control-wrap your-message\"><textarea name=\"your-message\" cols=\"40\" rows=\"10\" class=\"wpcf7-form-control wpcf7-textarea\" aria-invalid=\"false\"><\/textarea><\/span> <\/p>\n<p><input type=\"submit\" value=\"Envoyer\" class=\"wpcf7-form-control has-spinner wpcf7-submit\" \/><\/p>\n<div class=\"wpcf7-response-output\" aria-hidden=\"true\"><\/div><\/form><\/div>[\/vc_column][vc_column width=\u00a0\u00bb1\/4&Prime;][vc_column_text 0=\u00a0\u00bb\u00a0\u00bb]\n<h3 style=\"margin-top: 0px;\">Adresse<\/h3>\n<p><span style=\"color: #333333;\">Parc d&rsquo;Activit\u00e9s des Coteaux de la Mossig<br \/>\n13 Rue Robert Minder<\/span><br \/>\n<span style=\"color: #333333;\">67310 Wasselonne<\/span><\/p>\n<h3>T\u00e9l\u00e9phone<\/h3>\n<p><span style=\"color: #333333;\">03 88 04 25 25<\/span><\/p>\n<h3>Email<\/h3>\n<p><span style=\"color: #333333;\">info@ats67.com<\/span>[\/vc_column_text][\/vc_column][\/vc_row][vc_row][vc_column width=\u00a0\u00bb1\/2&Prime;][vc_column_text]\n<div class=\"wpex-info-widget-address wpex-clr\">\n<p><strong>Si\u00e8ge social<\/strong><\/p>\n<p>Parc d&rsquo;Activit\u00e9s des Coteaux de la Mossig<br \/>\n13 Rue Robert Minder &#8211; 67310 Wasselonne<\/p>\n<\/div>\n<div class=\"wpex-info-widget-phone wpex-clr\">+33 (0)3 88 04 25 25<\/div>\n<div class=\"wpex-info-widget-fax wpex-clr\">+33 (0)3 88 04 25 71<\/div>\n<div class=\"wpex-info-widget-email wpex-clr\"><a title=\"info@ats67.com\" href=\"mailto:info@ats67.com\">info@ats67.com<\/a><\/div>\n[\/vc_column_text][\/vc_column][vc_column width=\u00a0\u00bb1\/2&Prime;][vc_column_text]<strong>ATS Agence Afrique<\/strong><\/p>\n<div class=\"textwidget\">\n<p>N\u00b06 Douar Maklata, sidi Moussa Ben Ali<br \/>\nMohamedia \u2013 MAROC<br \/>\nT\u00e9l. GSM France : 00 33 (0) 6 86 87 45 70<br \/>\nT\u00e9l. GSM MAROC : 00212 (0) 661 23 55 88<br \/>\n<a href=\"mailto:morand.ats@gmail.com\">morand.ats@gmail.com<\/a><\/p>\n<\/div>\n[\/vc_column_text][\/vc_column][\/vc_row]\n","protected":false},"excerpt":{"rendered":"<p>[vc_row][vc_column][vc_column_text text_align=\u00a0\u00bbcenter\u00a0\u00bb] Chapiteaux, planchers, mobilier personnalis\u00e9, structures mobiles et d\u2019installations \u00e9v\u00e9nementielles, nous vous proposerons les solutions les plus performantes et les mieux adapt\u00e9es \u00e0 toutes vos exigences. [\/vc_column_text][\/vc_column][\/vc_row][vc_row 0=\u00a0\u00bb\u00a0\u00bb full_width=\u00a0\u00bbstretch_row_content_no_spaces\u00a0\u00bb][vc_column][vc_gmaps link=\u00a0\u00bb#E-8_JTNDaWZyYW1lJTIwc3JjJTNEJTIyaHR0cHMlM0ElMkYlMkZ3d3cuZ29vZ2xlLmNvbSUyRm1hcHMlMkZlbWJlZCUzRnBiJTNEJTIxMW0xNCUyMTFtOCUyMTFtMyUyMTFkMjEwODguNDg0MzgxMzYxNDUlMjEyZDcuNDI2OTUxNDEwNzE0NzQ4JTIxM2Q0OC42NDY5NTY4OTY3NjY2MyUyMTNtMiUyMTFpMTAyNCUyMTJpNzY4JTIxNGYxMy4xJTIxM20zJTIxMW0yJTIxMXMweDAlMjUzQTB4MzBjYTJiODFkNzA3MTYzMCUyMTJzQVRTJTIxNWUwJTIxM20yJTIxMXNmciUyMTJzZnIlMjE0djE1NDgxNzk2OTk3MzYlMjIlMjB3aWR0aCUzRCUyMjE5ODAlMjIlMjBoZWlnaHQlM0QlMjI1ODAlMjIlMjBmcmFtZWJvcmRlciUzRCUyMjAlMjIlMjBzdHlsZSUzRCUyMmJvcmRlciUzQTAlMjIlMjBhbGxvd2Z1bGxzY3JlZW4lM0UlM0MlMkZpZnJhbWUlM0U=\u00a0\u00bb size=\u00a0\u00bb580&Prime; type=\u00a0\u00bbm\u00a0\u00bb zoom=\u00a0\u00bb14&Prime;][\/vc_column][\/vc_row][vc_row column_spacing=\u00a0\u00bb40&Prime; bg_style=\u00a0\u00bbstretch\u00a0\u00bb css=\u00a0\u00bb.vc_custom_1489785664495{padding-top: 15px !important;padding-bottom: 15px !important;}\u00a0\u00bb][vc_column width=\u00a0\u00bb3\/4&Prime;][\/vc_column][vc_column width=\u00a0\u00bb1\/4&Prime;][vc_column_text 0=\u00a0\u00bb\u00a0\u00bb] Adresse Parc d&rsquo;Activit\u00e9s des Coteaux de la Mossig 13 Rue Robert&hellip;<\/p>\n","protected":false},"author":2,"featured_media":0,"parent":0,"menu_order":0,"comment_status":"closed","ping_status":"closed","template":"","meta":{"_monsterinsights_skip_tracking":false,"_monsterinsights_sitenote_active":false,"_monsterinsights_sitenote_note":"","_monsterinsights_sitenote_category":0},"_links":{"self":[{"href":"https:\/\/www.ats67.com\/index.php\/wp-json\/wp\/v2\/pages\/1345"}],"collection":[{"href":"https:\/\/www.ats67.com\/index.php\/wp-json\/wp\/v2\/pages"}],"about":[{"href":"https:\/\/www.ats67.com\/index.php\/wp-json\/wp\/v2\/types\/page"}],"author":[{"embeddable":true,"href":"https:\/\/www.ats67.com\/index.php\/wp-json\/wp\/v2\/users\/2"}],"replies":[{"embeddable":true,"href":"https:\/\/www.ats67.com\/index.php\/wp-json\/wp\/v2\/comments?post=1345"}],"version-history":[{"count":9,"href":"https:\/\/www.ats67.com\/index.php\/wp-json\/wp\/v2\/pages\/1345\/revisions"}],"predecessor-version":[{"id":5622,"href":"https:\/\/www.ats67.com\/index.php\/wp-json\/wp\/v2\/pages\/1345\/revisions\/5622"}],"wp:attachment":[{"href":"https:\/\/www.ats67.com\/index.php\/wp-json\/wp\/v2\/media?parent=1345"}],"curies":[{"name":"wp","href":"https:\/\/api.w.org\/{rel}","templated":true}]}}