{"id":196,"date":"2013-11-23T06:36:17","date_gmt":"2013-11-23T06:36:17","guid":{"rendered":"http:\/\/wpexplorer-demos.com\/?page_id=196"},"modified":"2019-01-29T14:53:18","modified_gmt":"2019-01-29T13:53:18","slug":"nos-realisations","status":"publish","type":"page","link":"https:\/\/www.ats67.com\/index.php\/nos-realisations\/","title":{"rendered":"Nos r\u00e9alisations"},"content":{"rendered":"[vc_row][vc_column]<div class=\"vcex-heading vcex-module wpex-text-2xl wpex-font-normal wpex-m-auto wpex-max-w-100 vcex-heading-plain wpex-block\"><span class=\"vcex-heading-inner wpex-inline-block wpex-clr\">Quelques r\u00e9alisations<\/span><\/div>[vc_column_text]Notre savoir faire depuis 20 ans, ainsi que notre exp\u00e9rience nous permettent de r\u00e9pondre aux demandes les plus vari\u00e9es: fabrication de toutes sortes d\u2019ouvrages, mobiliers, structures, etc\u2026<\/p>\n<p>Appelez-nous au + 33 3 88 04 25 25 pour nous parler de votre projet.[\/vc_column_text][vc_empty_space]<div class=\"vcex-image-grid-wrap wpex-clr\"><div class=\"vcex-module vcex-image-grid wpex-clr grid-style-default wpex-row wpex-lightbox-group\"><div class=\"id-4920 vcex-image-grid-entry vcex-grid-item textcenter span_1_of_3 col col-1\"><figure class=\"vcex-image-grid-entry-figure wpex-last-mb-0 wpex-clr\"><div class=\"vcex-image-grid-entry-img entry-media wpex-mb-20\"><a href=\"https:\/\/www.ats67.com\/wp-content\/uploads\/2019\/01\/B-Photo-re\u0301alisation-1500x1000.jpg\" class=\"vcex-image-grid-entry-img wpex-lightbox-group-item\" ><img width=\"2560\" height=\"1706\" src=\"https:\/\/www.ats67.com\/wp-content\/uploads\/2019\/01\/B-Photo-re\u0301alisation.jpg\" class=\"wpex-align-middle\" alt=\"\" loading=\"lazy\" srcset=\"https:\/\/www.ats67.com\/wp-content\/uploads\/2019\/01\/B-Photo-re\u0301alisation.jpg 2560w, https:\/\/www.ats67.com\/wp-content\/uploads\/2019\/01\/B-Photo-re\u0301alisation-300x200.jpg 300w, https:\/\/www.ats67.com\/wp-content\/uploads\/2019\/01\/B-Photo-re\u0301alisation-768x512.jpg 768w, https:\/\/www.ats67.com\/wp-content\/uploads\/2019\/01\/B-Photo-re\u0301alisation-1024x682.jpg 1024w, https:\/\/www.ats67.com\/wp-content\/uploads\/2019\/01\/B-Photo-re\u0301alisation-600x400.jpg 600w, https:\/\/www.ats67.com\/wp-content\/uploads\/2019\/01\/B-Photo-re\u0301alisation-1500x1000.jpg 1500w, https:\/\/www.ats67.com\/wp-content\/uploads\/2019\/01\/B-Photo-re\u0301alisation-200x133.jpg 200w\" sizes=\"(max-width: 2560px) 100vw, 2560px\" \/><\/a><\/div><\/figure><\/div><div class=\"id-4919 vcex-image-grid-entry vcex-grid-item textcenter span_1_of_3 col col-2\"><figure class=\"vcex-image-grid-entry-figure wpex-last-mb-0 wpex-clr\"><div class=\"vcex-image-grid-entry-img entry-media wpex-mb-20\"><a href=\"https:\/\/www.ats67.com\/wp-content\/uploads\/2019\/01\/C-Photo-re\u0301alisation-1500x1120.jpg\" class=\"vcex-image-grid-entry-img wpex-lightbox-group-item\" ><img width=\"2560\" height=\"1912\" src=\"https:\/\/www.ats67.com\/wp-content\/uploads\/2019\/01\/C-Photo-re\u0301alisation.jpg\" class=\"wpex-align-middle\" alt=\"\" loading=\"lazy\" srcset=\"https:\/\/www.ats67.com\/wp-content\/uploads\/2019\/01\/C-Photo-re\u0301alisation.jpg 2560w, https:\/\/www.ats67.com\/wp-content\/uploads\/2019\/01\/C-Photo-re\u0301alisation-300x224.jpg 300w, https:\/\/www.ats67.com\/wp-content\/uploads\/2019\/01\/C-Photo-re\u0301alisation-768x574.jpg 768w, https:\/\/www.ats67.com\/wp-content\/uploads\/2019\/01\/C-Photo-re\u0301alisation-1024x765.jpg 1024w, https:\/\/www.ats67.com\/wp-content\/uploads\/2019\/01\/C-Photo-re\u0301alisation-600x448.jpg 600w, https:\/\/www.ats67.com\/wp-content\/uploads\/2019\/01\/C-Photo-re\u0301alisation-1500x1120.jpg 1500w, https:\/\/www.ats67.com\/wp-content\/uploads\/2019\/01\/C-Photo-re\u0301alisation-200x149.jpg 200w\" sizes=\"(max-width: 2560px) 100vw, 2560px\" \/><\/a><\/div><\/figure><\/div><div class=\"id-4918 vcex-image-grid-entry vcex-grid-item textcenter span_1_of_3 col col-3\"><figure class=\"vcex-image-grid-entry-figure wpex-last-mb-0 wpex-clr\"><div class=\"vcex-image-grid-entry-img entry-media wpex-mb-20\"><a href=\"https:\/\/www.ats67.com\/wp-content\/uploads\/2019\/01\/D-Photo-re\u0301alisation-1500x1125.jpg\" class=\"vcex-image-grid-entry-img wpex-lightbox-group-item\" ><img width=\"2560\" height=\"1920\" src=\"https:\/\/www.ats67.com\/wp-content\/uploads\/2019\/01\/D-Photo-re\u0301alisation.jpg\" class=\"wpex-align-middle\" alt=\"\" loading=\"lazy\" srcset=\"https:\/\/www.ats67.com\/wp-content\/uploads\/2019\/01\/D-Photo-re\u0301alisation.jpg 2560w, https:\/\/www.ats67.com\/wp-content\/uploads\/2019\/01\/D-Photo-re\u0301alisation-300x225.jpg 300w, https:\/\/www.ats67.com\/wp-content\/uploads\/2019\/01\/D-Photo-re\u0301alisation-768x576.jpg 768w, https:\/\/www.ats67.com\/wp-content\/uploads\/2019\/01\/D-Photo-re\u0301alisation-1024x768.jpg 1024w, https:\/\/www.ats67.com\/wp-content\/uploads\/2019\/01\/D-Photo-re\u0301alisation-600x450.jpg 600w, https:\/\/www.ats67.com\/wp-content\/uploads\/2019\/01\/D-Photo-re\u0301alisation-1500x1125.jpg 1500w, https:\/\/www.ats67.com\/wp-content\/uploads\/2019\/01\/D-Photo-re\u0301alisation-200x150.jpg 200w\" sizes=\"(max-width: 2560px) 100vw, 2560px\" \/><\/a><\/div><\/figure><\/div><div class=\"id-4917 vcex-image-grid-entry vcex-grid-item textcenter span_1_of_3 col col-1\"><figure class=\"vcex-image-grid-entry-figure wpex-last-mb-0 wpex-clr\"><div class=\"vcex-image-grid-entry-img entry-media wpex-mb-20\"><a href=\"https:\/\/www.ats67.com\/wp-content\/uploads\/2019\/01\/E-Photo-re\u0301alisation.jpg\" class=\"vcex-image-grid-entry-img wpex-lightbox-group-item\" ><img width=\"960\" height=\"720\" src=\"https:\/\/www.ats67.com\/wp-content\/uploads\/2019\/01\/E-Photo-re\u0301alisation.jpg\" class=\"wpex-align-middle\" alt=\"\" loading=\"lazy\" srcset=\"https:\/\/www.ats67.com\/wp-content\/uploads\/2019\/01\/E-Photo-re\u0301alisation.jpg 960w, https:\/\/www.ats67.com\/wp-content\/uploads\/2019\/01\/E-Photo-re\u0301alisation-300x225.jpg 300w, https:\/\/www.ats67.com\/wp-content\/uploads\/2019\/01\/E-Photo-re\u0301alisation-768x576.jpg 768w, https:\/\/www.ats67.com\/wp-content\/uploads\/2019\/01\/E-Photo-re\u0301alisation-600x450.jpg 600w, https:\/\/www.ats67.com\/wp-content\/uploads\/2019\/01\/E-Photo-re\u0301alisation-200x150.jpg 200w\" sizes=\"(max-width: 960px) 100vw, 960px\" \/><\/a><\/div><\/figure><\/div><div class=\"id-4916 vcex-image-grid-entry vcex-grid-item textcenter span_1_of_3 col col-2\"><figure class=\"vcex-image-grid-entry-figure wpex-last-mb-0 wpex-clr\"><div class=\"vcex-image-grid-entry-img entry-media wpex-mb-20\"><a href=\"https:\/\/www.ats67.com\/wp-content\/uploads\/2019\/01\/F-Photo-re\u0301alisation.jpg\" class=\"vcex-image-grid-entry-img wpex-lightbox-group-item\" ><img width=\"800\" height=\"600\" src=\"https:\/\/www.ats67.com\/wp-content\/uploads\/2019\/01\/F-Photo-re\u0301alisation.jpg\" class=\"wpex-align-middle\" alt=\"\" loading=\"lazy\" srcset=\"https:\/\/www.ats67.com\/wp-content\/uploads\/2019\/01\/F-Photo-re\u0301alisation.jpg 800w, https:\/\/www.ats67.com\/wp-content\/uploads\/2019\/01\/F-Photo-re\u0301alisation-300x225.jpg 300w, https:\/\/www.ats67.com\/wp-content\/uploads\/2019\/01\/F-Photo-re\u0301alisation-768x576.jpg 768w, https:\/\/www.ats67.com\/wp-content\/uploads\/2019\/01\/F-Photo-re\u0301alisation-600x450.jpg 600w, https:\/\/www.ats67.com\/wp-content\/uploads\/2019\/01\/F-Photo-re\u0301alisation-200x150.jpg 200w\" sizes=\"(max-width: 800px) 100vw, 800px\" \/><\/a><\/div><\/figure><\/div><div class=\"id-4914 vcex-image-grid-entry vcex-grid-item textcenter span_1_of_3 col col-3\"><figure class=\"vcex-image-grid-entry-figure wpex-last-mb-0 wpex-clr\"><div class=\"vcex-image-grid-entry-img entry-media wpex-mb-20\"><a href=\"https:\/\/www.ats67.com\/wp-content\/uploads\/2019\/01\/H-Photo-re\u0301alisation.jpg\" class=\"vcex-image-grid-entry-img wpex-lightbox-group-item\" ><img width=\"640\" height=\"480\" src=\"https:\/\/www.ats67.com\/wp-content\/uploads\/2019\/01\/H-Photo-re\u0301alisation.jpg\" class=\"wpex-align-middle\" alt=\"\" loading=\"lazy\" srcset=\"https:\/\/www.ats67.com\/wp-content\/uploads\/2019\/01\/H-Photo-re\u0301alisation.jpg 640w, https:\/\/www.ats67.com\/wp-content\/uploads\/2019\/01\/H-Photo-re\u0301alisation-300x225.jpg 300w, https:\/\/www.ats67.com\/wp-content\/uploads\/2019\/01\/H-Photo-re\u0301alisation-600x450.jpg 600w, https:\/\/www.ats67.com\/wp-content\/uploads\/2019\/01\/H-Photo-re\u0301alisation-200x150.jpg 200w\" sizes=\"(max-width: 640px) 100vw, 640px\" \/><\/a><\/div><\/figure><\/div><div class=\"id-5358 vcex-image-grid-entry vcex-grid-item textcenter span_1_of_3 col col-1\"><figure class=\"vcex-image-grid-entry-figure wpex-last-mb-0 wpex-clr\"><div class=\"vcex-image-grid-entry-img entry-media wpex-mb-20\"><a href=\"https:\/\/www.ats67.com\/wp-content\/uploads\/2019\/01\/20190118_141840_001.jpg\" class=\"vcex-image-grid-entry-img wpex-lightbox-group-item\" ><img width=\"1200\" height=\"778\" src=\"https:\/\/www.ats67.com\/wp-content\/uploads\/2019\/01\/20190118_141840_001.jpg\" class=\"wpex-align-middle\" alt=\"\" loading=\"lazy\" srcset=\"https:\/\/www.ats67.com\/wp-content\/uploads\/2019\/01\/20190118_141840_001.jpg 1200w, https:\/\/www.ats67.com\/wp-content\/uploads\/2019\/01\/20190118_141840_001-300x195.jpg 300w, https:\/\/www.ats67.com\/wp-content\/uploads\/2019\/01\/20190118_141840_001-768x498.jpg 768w, https:\/\/www.ats67.com\/wp-content\/uploads\/2019\/01\/20190118_141840_001-1024x664.jpg 1024w, https:\/\/www.ats67.com\/wp-content\/uploads\/2019\/01\/20190118_141840_001-600x389.jpg 600w, https:\/\/www.ats67.com\/wp-content\/uploads\/2019\/01\/20190118_141840_001-700x454.jpg 700w\" sizes=\"(max-width: 1200px) 100vw, 1200px\" \/><\/a><\/div><\/figure><\/div><div class=\"id-5359 vcex-image-grid-entry vcex-grid-item textcenter span_1_of_3 col col-2\"><figure class=\"vcex-image-grid-entry-figure wpex-last-mb-0 wpex-clr\"><div class=\"vcex-image-grid-entry-img entry-media wpex-mb-20\"><a href=\"https:\/\/www.ats67.com\/wp-content\/uploads\/2019\/01\/Bardage-vitre\u0301-adapte\u0301-sur-garden.jpg\" class=\"vcex-image-grid-entry-img wpex-lightbox-group-item\" ><img width=\"1200\" height=\"942\" src=\"https:\/\/www.ats67.com\/wp-content\/uploads\/2019\/01\/Bardage-vitre\u0301-adapte\u0301-sur-garden.jpg\" class=\"wpex-align-middle\" alt=\"\" loading=\"lazy\" srcset=\"https:\/\/www.ats67.com\/wp-content\/uploads\/2019\/01\/Bardage-vitre\u0301-adapte\u0301-sur-garden.jpg 1200w, https:\/\/www.ats67.com\/wp-content\/uploads\/2019\/01\/Bardage-vitre\u0301-adapte\u0301-sur-garden-300x236.jpg 300w, https:\/\/www.ats67.com\/wp-content\/uploads\/2019\/01\/Bardage-vitre\u0301-adapte\u0301-sur-garden-768x603.jpg 768w, https:\/\/www.ats67.com\/wp-content\/uploads\/2019\/01\/Bardage-vitre\u0301-adapte\u0301-sur-garden-1024x804.jpg 1024w, https:\/\/www.ats67.com\/wp-content\/uploads\/2019\/01\/Bardage-vitre\u0301-adapte\u0301-sur-garden-600x471.jpg 600w, https:\/\/www.ats67.com\/wp-content\/uploads\/2019\/01\/Bardage-vitre\u0301-adapte\u0301-sur-garden-700x550.jpg 700w\" sizes=\"(max-width: 1200px) 100vw, 1200px\" \/><\/a><\/div><\/figure><\/div><div class=\"id-5360 vcex-image-grid-entry vcex-grid-item textcenter span_1_of_3 col col-3\"><figure class=\"vcex-image-grid-entry-figure wpex-last-mb-0 wpex-clr\"><div class=\"vcex-image-grid-entry-img entry-media wpex-mb-20\"><a href=\"https:\/\/www.ats67.com\/wp-content\/uploads\/2019\/01\/IMG_0304.jpg\" class=\"vcex-image-grid-entry-img wpex-lightbox-group-item\" ><img width=\"1200\" height=\"896\" src=\"https:\/\/www.ats67.com\/wp-content\/uploads\/2019\/01\/IMG_0304.jpg\" class=\"wpex-align-middle\" alt=\"\" loading=\"lazy\" srcset=\"https:\/\/www.ats67.com\/wp-content\/uploads\/2019\/01\/IMG_0304.jpg 1200w, https:\/\/www.ats67.com\/wp-content\/uploads\/2019\/01\/IMG_0304-300x224.jpg 300w, https:\/\/www.ats67.com\/wp-content\/uploads\/2019\/01\/IMG_0304-768x573.jpg 768w, https:\/\/www.ats67.com\/wp-content\/uploads\/2019\/01\/IMG_0304-1024x765.jpg 1024w, https:\/\/www.ats67.com\/wp-content\/uploads\/2019\/01\/IMG_0304-600x448.jpg 600w, https:\/\/www.ats67.com\/wp-content\/uploads\/2019\/01\/IMG_0304-700x523.jpg 700w\" sizes=\"(max-width: 1200px) 100vw, 1200px\" \/><\/a><\/div><\/figure><\/div><div class=\"id-5361 vcex-image-grid-entry vcex-grid-item textcenter span_1_of_3 col col-1\"><figure class=\"vcex-image-grid-entry-figure wpex-last-mb-0 wpex-clr\"><div class=\"vcex-image-grid-entry-img entry-media wpex-mb-20\"><a href=\"https:\/\/www.ats67.com\/wp-content\/uploads\/2019\/01\/IMG_1268.jpg\" class=\"vcex-image-grid-entry-img wpex-lightbox-group-item\" ><img width=\"1200\" height=\"811\" src=\"https:\/\/www.ats67.com\/wp-content\/uploads\/2019\/01\/IMG_1268.jpg\" class=\"wpex-align-middle\" alt=\"\" loading=\"lazy\" srcset=\"https:\/\/www.ats67.com\/wp-content\/uploads\/2019\/01\/IMG_1268.jpg 1200w, https:\/\/www.ats67.com\/wp-content\/uploads\/2019\/01\/IMG_1268-300x203.jpg 300w, https:\/\/www.ats67.com\/wp-content\/uploads\/2019\/01\/IMG_1268-768x519.jpg 768w, https:\/\/www.ats67.com\/wp-content\/uploads\/2019\/01\/IMG_1268-1024x692.jpg 1024w, https:\/\/www.ats67.com\/wp-content\/uploads\/2019\/01\/IMG_1268-600x406.jpg 600w, https:\/\/www.ats67.com\/wp-content\/uploads\/2019\/01\/IMG_1268-700x473.jpg 700w\" sizes=\"(max-width: 1200px) 100vw, 1200px\" \/><\/a><\/div><\/figure><\/div><div class=\"id-5362 vcex-image-grid-entry vcex-grid-item textcenter span_1_of_3 col col-2\"><figure class=\"vcex-image-grid-entry-figure wpex-last-mb-0 wpex-clr\"><div class=\"vcex-image-grid-entry-img entry-media wpex-mb-20\"><a href=\"https:\/\/www.ats67.com\/wp-content\/uploads\/2019\/01\/20180223_105308-copie.jpg\" class=\"vcex-image-grid-entry-img wpex-lightbox-group-item\" ><img width=\"1200\" height=\"675\" src=\"https:\/\/www.ats67.com\/wp-content\/uploads\/2019\/01\/20180223_105308-copie.jpg\" class=\"wpex-align-middle\" alt=\"\" loading=\"lazy\" srcset=\"https:\/\/www.ats67.com\/wp-content\/uploads\/2019\/01\/20180223_105308-copie.jpg 1200w, https:\/\/www.ats67.com\/wp-content\/uploads\/2019\/01\/20180223_105308-copie-300x169.jpg 300w, https:\/\/www.ats67.com\/wp-content\/uploads\/2019\/01\/20180223_105308-copie-768x432.jpg 768w, https:\/\/www.ats67.com\/wp-content\/uploads\/2019\/01\/20180223_105308-copie-1024x576.jpg 1024w, https:\/\/www.ats67.com\/wp-content\/uploads\/2019\/01\/20180223_105308-copie-600x338.jpg 600w, https:\/\/www.ats67.com\/wp-content\/uploads\/2019\/01\/20180223_105308-copie-700x394.jpg 700w\" sizes=\"(max-width: 1200px) 100vw, 1200px\" \/><\/a><\/div><\/figure><\/div><div class=\"id-5363 vcex-image-grid-entry vcex-grid-item textcenter span_1_of_3 col col-3\"><figure class=\"vcex-image-grid-entry-figure wpex-last-mb-0 wpex-clr\"><div class=\"vcex-image-grid-entry-img entry-media wpex-mb-20\"><a href=\"https:\/\/www.ats67.com\/wp-content\/uploads\/2019\/01\/IMG_6038.jpg\" class=\"vcex-image-grid-entry-img wpex-lightbox-group-item\" ><img width=\"1200\" height=\"900\" src=\"https:\/\/www.ats67.com\/wp-content\/uploads\/2019\/01\/IMG_6038.jpg\" class=\"wpex-align-middle\" alt=\"\" loading=\"lazy\" srcset=\"https:\/\/www.ats67.com\/wp-content\/uploads\/2019\/01\/IMG_6038.jpg 1200w, https:\/\/www.ats67.com\/wp-content\/uploads\/2019\/01\/IMG_6038-300x225.jpg 300w, https:\/\/www.ats67.com\/wp-content\/uploads\/2019\/01\/IMG_6038-768x576.jpg 768w, https:\/\/www.ats67.com\/wp-content\/uploads\/2019\/01\/IMG_6038-1024x768.jpg 1024w, https:\/\/www.ats67.com\/wp-content\/uploads\/2019\/01\/IMG_6038-600x450.jpg 600w, https:\/\/www.ats67.com\/wp-content\/uploads\/2019\/01\/IMG_6038-700x525.jpg 700w\" sizes=\"(max-width: 1200px) 100vw, 1200px\" \/><\/a><\/div><\/figure><\/div><\/div><\/div>[\/vc_column][\/vc_row]\n","protected":false},"excerpt":{"rendered":"<p>[vc_row][vc_column][vc_column_text]Notre savoir faire depuis 20 ans, ainsi que notre exp\u00e9rience nous permettent de r\u00e9pondre aux demandes les plus vari\u00e9es: fabrication de toutes sortes d\u2019ouvrages, mobiliers, structures, etc\u2026 Appelez-nous au + 33 3 88 04 25 25 pour nous parler de votre projet.[\/vc_column_text][vc_empty_space][\/vc_column][\/vc_row]<\/p>\n","protected":false},"author":1,"featured_media":0,"parent":0,"menu_order":0,"comment_status":"closed","ping_status":"closed","template":"","meta":{"_monsterinsights_skip_tracking":false,"_monsterinsights_sitenote_active":false,"_monsterinsights_sitenote_note":"","_monsterinsights_sitenote_category":0},"_links":{"self":[{"href":"https:\/\/www.ats67.com\/index.php\/wp-json\/wp\/v2\/pages\/196"}],"collection":[{"href":"https:\/\/www.ats67.com\/index.php\/wp-json\/wp\/v2\/pages"}],"about":[{"href":"https:\/\/www.ats67.com\/index.php\/wp-json\/wp\/v2\/types\/page"}],"author":[{"embeddable":true,"href":"https:\/\/www.ats67.com\/index.php\/wp-json\/wp\/v2\/users\/1"}],"replies":[{"embeddable":true,"href":"https:\/\/www.ats67.com\/index.php\/wp-json\/wp\/v2\/comments?post=196"}],"version-history":[{"count":11,"href":"https:\/\/www.ats67.com\/index.php\/wp-json\/wp\/v2\/pages\/196\/revisions"}],"predecessor-version":[{"id":5515,"href":"https:\/\/www.ats67.com\/index.php\/wp-json\/wp\/v2\/pages\/196\/revisions\/5515"}],"wp:attachment":[{"href":"https:\/\/www.ats67.com\/index.php\/wp-json\/wp\/v2\/media?parent=196"}],"curies":[{"name":"wp","href":"https:\/\/api.w.org\/{rel}","templated":true}]}}