{"id":463,"date":"2013-11-24T22:27:03","date_gmt":"2013-11-24T22:27:03","guid":{"rendered":"http:\/\/wpexplorer-demos.com\/?page_id=463"},"modified":"2019-01-31T18:22:30","modified_gmt":"2019-01-31T17:22:30","slug":"nos-produits","status":"publish","type":"page","link":"https:\/\/www.ats67.com\/index.php\/nos-produits\/","title":{"rendered":"NOS PRODUITS"},"content":{"rendered":"[vc_row][vc_column]<div class=\"vcex-module vcex-portfolio-grid-wrap wpex-clr\"><ul class=\"vcex-portfolio-filter vcex-filter-links wpex-clr\"><li class=\"active\"><a href=\"#\" data-filter=\"*\" class=\"theme-button minimal-border\"><span>Tous<\/span><\/a><\/li><li class=\"filter-cat-91\"><a href=\"#\" data-filter=\".cat-91\" class=\"theme-button minimal-border\">ACCESSOIRES<\/a><\/li><li class=\"filter-cat-85\"><a href=\"#\" data-filter=\".cat-85\" class=\"theme-button minimal-border\">BACHES<\/a><\/li><li class=\"filter-cat-86\"><a href=\"#\" data-filter=\".cat-86\" class=\"theme-button minimal-border\">BARDAGES<\/a><\/li><li class=\"filter-cat-84\"><a href=\"#\" data-filter=\".cat-84\" class=\"theme-button minimal-border\">CHAPITEAUX - TENTES - STRUCTURES<\/a><\/li><li class=\"filter-cat-88\"><a href=\"#\" data-filter=\".cat-88\" class=\"theme-button minimal-border\">GARNITURES DE BRASSERIE<\/a><\/li><li class=\"filter-cat-89\"><a href=\"#\" data-filter=\".cat-89\" class=\"theme-button minimal-border\">MOBILIERS DE RECEPTION<\/a><\/li><li class=\"filter-cat-83\"><a href=\"#\" data-filter=\".cat-83\" class=\"theme-button minimal-border\">PLANCHERS CHAPITEAUX \/ OSSATURES DE CHAPITEAUX<\/a><\/li><li class=\"filter-cat-87\"><a href=\"#\" data-filter=\".cat-87\" class=\"theme-button minimal-border\">PORTES &amp; FACADES<\/a><\/li><li class=\"filter-cat-90\"><a href=\"#\" data-filter=\".cat-90\" class=\"theme-button minimal-border\">RACKS DE TRANSPORT<\/a><\/li><\/ul><div class=\"wpex-row vcex-portfolio-grid wpex-clr entries vcex-isotope-grid\"><div class=\"portfolio-entry vcex-grid-item entry-has-details span_1_of_3 col col-1 vcex-isotope-entry post-311 entry type-portfolio has-media cat-83\"><div class=\"portfolio-entry-inner entry-inner wpex-first-mt-0 wpex-last-mb-0 wpex-clr\"><div class=\"portfolio-entry-media entry-media overlay-parent overlay-parent-plus-hover wpex-overflow-hidden\"><a href=\"https:\/\/www.ats67.com\/index.php\/portfolio-item\/planchers-de-chapiteaux\/\" title=\"Planchers de chapiteaux\" class=\"portfolio-entry-media-link\"><img data-no-lazy=\"1\" class=\"portfolio-entry-img wpex-align-middle skip-lazy\" src=\"https:\/\/www.ats67.com\/wp-content\/uploads\/2019\/01\/planchers-categories.jpg\" alt=\"\" srcset=\"https:\/\/www.ats67.com\/wp-content\/uploads\/2019\/01\/planchers-categories.jpg 800w, https:\/\/www.ats67.com\/wp-content\/uploads\/2019\/01\/planchers-categories-300x225.jpg 300w, https:\/\/www.ats67.com\/wp-content\/uploads\/2019\/01\/planchers-categories-768x576.jpg 768w, https:\/\/www.ats67.com\/wp-content\/uploads\/2019\/01\/planchers-categories-600x450.jpg 600w\" width=\"800\" height=\"600\">\n<div class=\"overlay-plus-hover overlay-hide theme-overlay wpex-absolute wpex-inset-0 wpex-transition-all wpex-duration-300\" aria-hidden=\"true\">\n\t<span class=\"overlay-bg wpex-bg-center wpex-bg-no-repeat wpex-bg-black wpex-block wpex-absolute wpex-inset-0 wpex-opacity-60\"><\/span>\n<\/div><\/a><\/div><div class=\"portfolio-entry-details entry-details wpex-boxed wpex-first-mt-0 wpex-last-mb-0 wpex-clr\"><h2 class=\"portfolio-entry-title entry-title wpex-mb-5\"><a href=\"https:\/\/www.ats67.com\/index.php\/portfolio-item\/planchers-de-chapiteaux\/\" title=\"Planchers de chapiteaux\">Planchers de chapiteaux<\/a><\/h2><div class=\"portfolio-entry-excerpt entry-excerpt wpex-my-15 wpex-last-mb-0 wpex-clr\"><p>Bois de qualit\u00e9 origine europ\u00e9enne \u2022 Produits fiables et solides adapt\u00e9s \u00e0 un usage intensif&hellip;<\/p><\/div><\/div><\/div><\/div><div class=\"portfolio-entry vcex-grid-item entry-has-details span_1_of_3 col col-2 vcex-isotope-entry post-336 entry type-portfolio has-media cat-84\"><div class=\"portfolio-entry-inner entry-inner wpex-first-mt-0 wpex-last-mb-0 wpex-clr\"><div class=\"portfolio-entry-media entry-media overlay-parent overlay-parent-plus-hover wpex-overflow-hidden\"><a href=\"https:\/\/www.ats67.com\/index.php\/portfolio-item\/chapiteaux-tentes-structures\/\" title=\"Chapiteaux, tentes, structures\" class=\"portfolio-entry-media-link\"><img data-no-lazy=\"1\" class=\"portfolio-entry-img wpex-align-middle skip-lazy\" src=\"https:\/\/www.ats67.com\/wp-content\/uploads\/2019\/01\/chapiteaux-categories.jpg\" alt=\"\" srcset=\"https:\/\/www.ats67.com\/wp-content\/uploads\/2019\/01\/chapiteaux-categories.jpg 800w, https:\/\/www.ats67.com\/wp-content\/uploads\/2019\/01\/chapiteaux-categories-300x225.jpg 300w, https:\/\/www.ats67.com\/wp-content\/uploads\/2019\/01\/chapiteaux-categories-768x576.jpg 768w, https:\/\/www.ats67.com\/wp-content\/uploads\/2019\/01\/chapiteaux-categories-600x450.jpg 600w\" width=\"800\" height=\"600\">\n<div class=\"overlay-plus-hover overlay-hide theme-overlay wpex-absolute wpex-inset-0 wpex-transition-all wpex-duration-300\" aria-hidden=\"true\">\n\t<span class=\"overlay-bg wpex-bg-center wpex-bg-no-repeat wpex-bg-black wpex-block wpex-absolute wpex-inset-0 wpex-opacity-60\"><\/span>\n<\/div><\/a><\/div><div class=\"portfolio-entry-details entry-details wpex-boxed wpex-first-mt-0 wpex-last-mb-0 wpex-clr\"><h2 class=\"portfolio-entry-title entry-title wpex-mb-5\"><a href=\"https:\/\/www.ats67.com\/index.php\/portfolio-item\/chapiteaux-tentes-structures\/\" title=\"Chapiteaux, tentes, structures\">Chapiteaux, tentes, structures<\/a><\/h2><div class=\"portfolio-entry-excerpt entry-excerpt wpex-my-15 wpex-last-mb-0 wpex-clr\"><p>D\u00e9couvrez l'ensemble de notre gamme de chapiteaux, tentes et structures. \u00a0 T\u00e9l\u00e9charger la fiche technique&hellip;<\/p><\/div><\/div><\/div><\/div><div class=\"portfolio-entry vcex-grid-item entry-has-details span_1_of_3 col col-3 vcex-isotope-entry post-265 entry type-portfolio has-media cat-85\"><div class=\"portfolio-entry-inner entry-inner wpex-first-mt-0 wpex-last-mb-0 wpex-clr\"><div class=\"portfolio-entry-media entry-media overlay-parent overlay-parent-plus-hover wpex-overflow-hidden\"><a href=\"https:\/\/www.ats67.com\/index.php\/portfolio-item\/les-baches\/\" title=\"Les b\u00e2ches\" class=\"portfolio-entry-media-link\"><img data-no-lazy=\"1\" class=\"portfolio-entry-img wpex-align-middle skip-lazy\" src=\"https:\/\/www.ats67.com\/wp-content\/uploads\/2019\/01\/baches-categories.jpg\" alt=\"\" srcset=\"https:\/\/www.ats67.com\/wp-content\/uploads\/2019\/01\/baches-categories.jpg 800w, https:\/\/www.ats67.com\/wp-content\/uploads\/2019\/01\/baches-categories-300x225.jpg 300w, https:\/\/www.ats67.com\/wp-content\/uploads\/2019\/01\/baches-categories-768x576.jpg 768w, https:\/\/www.ats67.com\/wp-content\/uploads\/2019\/01\/baches-categories-600x450.jpg 600w\" width=\"800\" height=\"600\">\n<div class=\"overlay-plus-hover overlay-hide theme-overlay wpex-absolute wpex-inset-0 wpex-transition-all wpex-duration-300\" aria-hidden=\"true\">\n\t<span class=\"overlay-bg wpex-bg-center wpex-bg-no-repeat wpex-bg-black wpex-block wpex-absolute wpex-inset-0 wpex-opacity-60\"><\/span>\n<\/div><\/a><\/div><div class=\"portfolio-entry-details entry-details wpex-boxed wpex-first-mt-0 wpex-last-mb-0 wpex-clr\"><h2 class=\"portfolio-entry-title entry-title wpex-mb-5\"><a href=\"https:\/\/www.ats67.com\/index.php\/portfolio-item\/les-baches\/\" title=\"Les b\u00e2ches\">Les b\u00e2ches<\/a><\/h2><div class=\"portfolio-entry-excerpt entry-excerpt wpex-my-15 wpex-last-mb-0 wpex-clr\"><p>B\u00e2ches translucide, b\u00e2ches cristal, b\u00e2ches opaque, b\u00e2ches de toit, rideaux, pointes pignons... Toutes nos b\u00e2ches&hellip;<\/p><\/div><\/div><\/div><\/div><div class=\"portfolio-entry vcex-grid-item entry-has-details span_1_of_3 col col-1 vcex-isotope-entry post-359 entry type-portfolio has-media cat-86\"><div class=\"portfolio-entry-inner entry-inner wpex-first-mt-0 wpex-last-mb-0 wpex-clr\"><div class=\"portfolio-entry-media entry-media overlay-parent overlay-parent-plus-hover wpex-overflow-hidden\"><a href=\"https:\/\/www.ats67.com\/index.php\/portfolio-item\/les-bardages\/\" title=\"Les bardages\" class=\"portfolio-entry-media-link\"><img data-no-lazy=\"1\" class=\"portfolio-entry-img wpex-align-middle skip-lazy\" src=\"https:\/\/www.ats67.com\/wp-content\/uploads\/2019\/01\/bardage-categories.jpg\" alt=\"\" srcset=\"https:\/\/www.ats67.com\/wp-content\/uploads\/2019\/01\/bardage-categories.jpg 800w, https:\/\/www.ats67.com\/wp-content\/uploads\/2019\/01\/bardage-categories-300x225.jpg 300w, https:\/\/www.ats67.com\/wp-content\/uploads\/2019\/01\/bardage-categories-768x576.jpg 768w, https:\/\/www.ats67.com\/wp-content\/uploads\/2019\/01\/bardage-categories-600x450.jpg 600w\" width=\"800\" height=\"600\">\n<div class=\"overlay-plus-hover overlay-hide theme-overlay wpex-absolute wpex-inset-0 wpex-transition-all wpex-duration-300\" aria-hidden=\"true\">\n\t<span class=\"overlay-bg wpex-bg-center wpex-bg-no-repeat wpex-bg-black wpex-block wpex-absolute wpex-inset-0 wpex-opacity-60\"><\/span>\n<\/div><\/a><\/div><div class=\"portfolio-entry-details entry-details wpex-boxed wpex-first-mt-0 wpex-last-mb-0 wpex-clr\"><h2 class=\"portfolio-entry-title entry-title wpex-mb-5\"><a href=\"https:\/\/www.ats67.com\/index.php\/portfolio-item\/les-bardages\/\" title=\"Les bardages\">Les bardages<\/a><\/h2><div class=\"portfolio-entry-excerpt entry-excerpt wpex-my-15 wpex-last-mb-0 wpex-clr\"><p>Panneau vitr\u00e9, Panneau stratifi\u00e9, Panneau sandwich, Bardage simple peau, Panneau PVC... \u00a0 T\u00e9l\u00e9charger la fiche&hellip;<\/p><\/div><\/div><\/div><\/div><div class=\"portfolio-entry vcex-grid-item entry-has-details span_1_of_3 col col-2 vcex-isotope-entry post-306 entry type-portfolio has-media cat-87\"><div class=\"portfolio-entry-inner entry-inner wpex-first-mt-0 wpex-last-mb-0 wpex-clr\"><div class=\"portfolio-entry-media entry-media overlay-parent overlay-parent-plus-hover wpex-overflow-hidden\"><a href=\"https:\/\/www.ats67.com\/index.php\/portfolio-item\/portes-et-facades\/\" title=\"Portes et fa\u00e7ades\" class=\"portfolio-entry-media-link\"><img data-no-lazy=\"1\" class=\"portfolio-entry-img wpex-align-middle skip-lazy\" src=\"https:\/\/www.ats67.com\/wp-content\/uploads\/2019\/01\/portesfacades-categories.jpg\" alt=\"\" srcset=\"https:\/\/www.ats67.com\/wp-content\/uploads\/2019\/01\/portesfacades-categories.jpg 800w, https:\/\/www.ats67.com\/wp-content\/uploads\/2019\/01\/portesfacades-categories-300x225.jpg 300w, https:\/\/www.ats67.com\/wp-content\/uploads\/2019\/01\/portesfacades-categories-768x576.jpg 768w, https:\/\/www.ats67.com\/wp-content\/uploads\/2019\/01\/portesfacades-categories-600x450.jpg 600w\" width=\"800\" height=\"600\">\n<div class=\"overlay-plus-hover overlay-hide theme-overlay wpex-absolute wpex-inset-0 wpex-transition-all wpex-duration-300\" aria-hidden=\"true\">\n\t<span class=\"overlay-bg wpex-bg-center wpex-bg-no-repeat wpex-bg-black wpex-block wpex-absolute wpex-inset-0 wpex-opacity-60\"><\/span>\n<\/div><\/a><\/div><div class=\"portfolio-entry-details entry-details wpex-boxed wpex-first-mt-0 wpex-last-mb-0 wpex-clr\"><h2 class=\"portfolio-entry-title entry-title wpex-mb-5\"><a href=\"https:\/\/www.ats67.com\/index.php\/portfolio-item\/portes-et-facades\/\" title=\"Portes et fa\u00e7ades\">Portes et fa\u00e7ades<\/a><\/h2><div class=\"portfolio-entry-excerpt entry-excerpt wpex-my-15 wpex-last-mb-0 wpex-clr\"><p>\u2022 Porte pleine ou vitr\u00e9e en aluminium \u2022 Porte de service \u2022 Ch\u00e2ssis fixe plein&hellip;<\/p><\/div><\/div><\/div><\/div><div class=\"portfolio-entry vcex-grid-item entry-has-details span_1_of_3 col col-3 vcex-isotope-entry post-380 entry type-portfolio has-media cat-88\"><div class=\"portfolio-entry-inner entry-inner wpex-first-mt-0 wpex-last-mb-0 wpex-clr\"><div class=\"portfolio-entry-media entry-media overlay-parent overlay-parent-plus-hover wpex-overflow-hidden\"><a href=\"https:\/\/www.ats67.com\/index.php\/portfolio-item\/garniture-de-brasserie\/\" title=\"Garniture de brasserie\" class=\"portfolio-entry-media-link\"><img data-no-lazy=\"1\" class=\"portfolio-entry-img wpex-align-middle skip-lazy\" src=\"https:\/\/www.ats67.com\/wp-content\/uploads\/2019\/01\/garniturebrasserie-categories.jpg\" alt=\"\" srcset=\"https:\/\/www.ats67.com\/wp-content\/uploads\/2019\/01\/garniturebrasserie-categories.jpg 800w, https:\/\/www.ats67.com\/wp-content\/uploads\/2019\/01\/garniturebrasserie-categories-300x225.jpg 300w, https:\/\/www.ats67.com\/wp-content\/uploads\/2019\/01\/garniturebrasserie-categories-768x576.jpg 768w, https:\/\/www.ats67.com\/wp-content\/uploads\/2019\/01\/garniturebrasserie-categories-600x450.jpg 600w\" width=\"800\" height=\"600\">\n<div class=\"overlay-plus-hover overlay-hide theme-overlay wpex-absolute wpex-inset-0 wpex-transition-all wpex-duration-300\" aria-hidden=\"true\">\n\t<span class=\"overlay-bg wpex-bg-center wpex-bg-no-repeat wpex-bg-black wpex-block wpex-absolute wpex-inset-0 wpex-opacity-60\"><\/span>\n<\/div><\/a><\/div><div class=\"portfolio-entry-details entry-details wpex-boxed wpex-first-mt-0 wpex-last-mb-0 wpex-clr\"><h2 class=\"portfolio-entry-title entry-title wpex-mb-5\"><a href=\"https:\/\/www.ats67.com\/index.php\/portfolio-item\/garniture-de-brasserie\/\" title=\"Garniture de brasserie\">Garniture de brasserie<\/a><\/h2><div class=\"portfolio-entry-excerpt entry-excerpt wpex-my-15 wpex-last-mb-0 wpex-clr\"><p>\u2022 Fabrication europ\u00e9enne de qualit\u00e9 \u2022 Produits fiables et solides adapt\u00e9s \u00e0 un usage intensif&hellip;<\/p><\/div><\/div><\/div><\/div><div class=\"portfolio-entry vcex-grid-item entry-has-details span_1_of_3 col col-1 vcex-isotope-entry post-371 entry type-portfolio has-media cat-89\"><div class=\"portfolio-entry-inner entry-inner wpex-first-mt-0 wpex-last-mb-0 wpex-clr\"><div class=\"portfolio-entry-media entry-media overlay-parent overlay-parent-plus-hover wpex-overflow-hidden\"><a href=\"https:\/\/www.ats67.com\/index.php\/portfolio-item\/mobiliers-de-reception\/\" title=\"Mobiliers de r\u00e9ception\" class=\"portfolio-entry-media-link\"><img data-no-lazy=\"1\" class=\"portfolio-entry-img wpex-align-middle skip-lazy\" src=\"https:\/\/www.ats67.com\/wp-content\/uploads\/2019\/01\/mobilier-categories.jpg\" alt=\"\" srcset=\"https:\/\/www.ats67.com\/wp-content\/uploads\/2019\/01\/mobilier-categories.jpg 800w, https:\/\/www.ats67.com\/wp-content\/uploads\/2019\/01\/mobilier-categories-300x225.jpg 300w, https:\/\/www.ats67.com\/wp-content\/uploads\/2019\/01\/mobilier-categories-768x576.jpg 768w, https:\/\/www.ats67.com\/wp-content\/uploads\/2019\/01\/mobilier-categories-600x450.jpg 600w\" width=\"800\" height=\"600\">\n<div class=\"overlay-plus-hover overlay-hide theme-overlay wpex-absolute wpex-inset-0 wpex-transition-all wpex-duration-300\" aria-hidden=\"true\">\n\t<span class=\"overlay-bg wpex-bg-center wpex-bg-no-repeat wpex-bg-black wpex-block wpex-absolute wpex-inset-0 wpex-opacity-60\"><\/span>\n<\/div><\/a><\/div><div class=\"portfolio-entry-details entry-details wpex-boxed wpex-first-mt-0 wpex-last-mb-0 wpex-clr\"><h2 class=\"portfolio-entry-title entry-title wpex-mb-5\"><a href=\"https:\/\/www.ats67.com\/index.php\/portfolio-item\/mobiliers-de-reception\/\" title=\"Mobiliers de r\u00e9ception\">Mobiliers de r\u00e9ception<\/a><\/h2><div class=\"portfolio-entry-excerpt entry-excerpt wpex-my-15 wpex-last-mb-0 wpex-clr\"><p>Ergonomique, robuste, esth\u00e9tique et convivial Mange-debout \u00abARDENNE\u00bb \u2022 pliant \u2022 ergonomique, robuste, esth\u00e9tique et convivial&hellip;<\/p><\/div><\/div><\/div><\/div><div class=\"portfolio-entry vcex-grid-item entry-has-details span_1_of_3 col col-2 vcex-isotope-entry post-329 entry type-portfolio has-media cat-90\"><div class=\"portfolio-entry-inner entry-inner wpex-first-mt-0 wpex-last-mb-0 wpex-clr\"><div class=\"portfolio-entry-media entry-media overlay-parent overlay-parent-plus-hover wpex-overflow-hidden\"><a href=\"https:\/\/www.ats67.com\/index.php\/portfolio-item\/rack-de-transport\/\" title=\"Rack de transport\" class=\"portfolio-entry-media-link\"><img data-no-lazy=\"1\" class=\"portfolio-entry-img wpex-align-middle skip-lazy\" src=\"https:\/\/www.ats67.com\/wp-content\/uploads\/2019\/01\/racktransport-categories.jpg\" alt=\"\" srcset=\"https:\/\/www.ats67.com\/wp-content\/uploads\/2019\/01\/racktransport-categories.jpg 800w, https:\/\/www.ats67.com\/wp-content\/uploads\/2019\/01\/racktransport-categories-300x225.jpg 300w, https:\/\/www.ats67.com\/wp-content\/uploads\/2019\/01\/racktransport-categories-768x576.jpg 768w, https:\/\/www.ats67.com\/wp-content\/uploads\/2019\/01\/racktransport-categories-600x450.jpg 600w\" width=\"800\" height=\"600\">\n<div class=\"overlay-plus-hover overlay-hide theme-overlay wpex-absolute wpex-inset-0 wpex-transition-all wpex-duration-300\" aria-hidden=\"true\">\n\t<span class=\"overlay-bg wpex-bg-center wpex-bg-no-repeat wpex-bg-black wpex-block wpex-absolute wpex-inset-0 wpex-opacity-60\"><\/span>\n<\/div><\/a><\/div><div class=\"portfolio-entry-details entry-details wpex-boxed wpex-first-mt-0 wpex-last-mb-0 wpex-clr\"><h2 class=\"portfolio-entry-title entry-title wpex-mb-5\"><a href=\"https:\/\/www.ats67.com\/index.php\/portfolio-item\/rack-de-transport\/\" title=\"Rack de transport\">Rack de transport<\/a><\/h2><div class=\"portfolio-entry-excerpt entry-excerpt wpex-my-15 wpex-last-mb-0 wpex-clr\"><p>\u2022 Id\u00e9al pour le transport des planchers, des structures et des toiles \u2022 Facilite la&hellip;<\/p><\/div><\/div><\/div><\/div><div class=\"portfolio-entry vcex-grid-item entry-has-details span_1_of_3 col col-3 vcex-isotope-entry post-342 entry type-portfolio has-media cat-91\"><div class=\"portfolio-entry-inner entry-inner wpex-first-mt-0 wpex-last-mb-0 wpex-clr\"><div class=\"portfolio-entry-media entry-media overlay-parent overlay-parent-plus-hover wpex-overflow-hidden\"><a href=\"https:\/\/www.ats67.com\/index.php\/portfolio-item\/accessoires\/\" title=\"Accessoires\" class=\"portfolio-entry-media-link\"><img data-no-lazy=\"1\" class=\"portfolio-entry-img wpex-align-middle skip-lazy\" src=\"https:\/\/www.ats67.com\/wp-content\/uploads\/2019\/01\/accessoires-categories.jpg\" alt=\"\" srcset=\"https:\/\/www.ats67.com\/wp-content\/uploads\/2019\/01\/accessoires-categories.jpg 800w, https:\/\/www.ats67.com\/wp-content\/uploads\/2019\/01\/accessoires-categories-300x225.jpg 300w, https:\/\/www.ats67.com\/wp-content\/uploads\/2019\/01\/accessoires-categories-768x576.jpg 768w, https:\/\/www.ats67.com\/wp-content\/uploads\/2019\/01\/accessoires-categories-600x450.jpg 600w\" width=\"800\" height=\"600\">\n<div class=\"overlay-plus-hover overlay-hide theme-overlay wpex-absolute wpex-inset-0 wpex-transition-all wpex-duration-300\" aria-hidden=\"true\">\n\t<span class=\"overlay-bg wpex-bg-center wpex-bg-no-repeat wpex-bg-black wpex-block wpex-absolute wpex-inset-0 wpex-opacity-60\"><\/span>\n<\/div><\/a><\/div><div class=\"portfolio-entry-details entry-details wpex-boxed wpex-first-mt-0 wpex-last-mb-0 wpex-clr\"><h2 class=\"portfolio-entry-title entry-title wpex-mb-5\"><a href=\"https:\/\/www.ats67.com\/index.php\/portfolio-item\/accessoires\/\" title=\"Accessoires\">Accessoires<\/a><\/h2><div class=\"portfolio-entry-excerpt entry-excerpt wpex-my-15 wpex-last-mb-0 wpex-clr\"><p>\u2022 Planchers \u2022 Tasseau : 600 x 58 x 21 mm \u2013 calibr\u00e9 \u2013 deux&hellip;<\/p><\/div><\/div><\/div><\/div><\/div><\/div>[\/vc_column][\/vc_row]\n","protected":false},"excerpt":{"rendered":"<p>[vc_row][vc_column][\/vc_column][\/vc_row]<\/p>\n","protected":false},"author":1,"featured_media":0,"parent":0,"menu_order":0,"comment_status":"closed","ping_status":"closed","template":"","meta":{"_monsterinsights_skip_tracking":false,"_monsterinsights_sitenote_active":false,"_monsterinsights_sitenote_note":"","_monsterinsights_sitenote_category":0},"_links":{"self":[{"href":"https:\/\/www.ats67.com\/index.php\/wp-json\/wp\/v2\/pages\/463"}],"collection":[{"href":"https:\/\/www.ats67.com\/index.php\/wp-json\/wp\/v2\/pages"}],"about":[{"href":"https:\/\/www.ats67.com\/index.php\/wp-json\/wp\/v2\/types\/page"}],"author":[{"embeddable":true,"href":"https:\/\/www.ats67.com\/index.php\/wp-json\/wp\/v2\/users\/1"}],"replies":[{"embeddable":true,"href":"https:\/\/www.ats67.com\/index.php\/wp-json\/wp\/v2\/comments?post=463"}],"version-history":[{"count":17,"href":"https:\/\/www.ats67.com\/index.php\/wp-json\/wp\/v2\/pages\/463\/revisions"}],"predecessor-version":[{"id":5678,"href":"https:\/\/www.ats67.com\/index.php\/wp-json\/wp\/v2\/pages\/463\/revisions\/5678"}],"wp:attachment":[{"href":"https:\/\/www.ats67.com\/index.php\/wp-json\/wp\/v2\/media?parent=463"}],"curies":[{"name":"wp","href":"https:\/\/api.w.org\/{rel}","templated":true}]}}