{"id":961,"date":"2013-12-01T01:48:12","date_gmt":"2013-12-01T01:48:12","guid":{"rendered":"http:\/\/wpexplorer-demos.com\/?page_id=961"},"modified":"2019-01-30T11:18:32","modified_gmt":"2019-01-30T10:18:32","slug":"votre-projet","status":"publish","type":"page","link":"https:\/\/www.ats67.com\/index.php\/votre-projet\/","title":{"rendered":"Votre projet"},"content":{"rendered":"[vc_row full_width=\u00a0\u00bbstretch_row\u00a0\u00bb wpex_bg_overlay=\u00a0\u00bbdark\u00a0\u00bb bg_style=\u00a0\u00bbfixed\u00a0\u00bb css=\u00a0\u00bb.vc_custom_1548843509615{padding-top: 160px !important;padding-bottom: 120px !important;background-image: url(https:\/\/www.ats67.com\/wp-content\/uploads\/2019\/01\/work-hard2.jpg?id=4988) !important;background-position: center !important;background-repeat: no-repeat !important;background-size: cover !important;}\u00a0\u00bb wpex_bg_overlay_opacity=\u00a0\u00bb0.5&Prime;][vc_column]<div class=\"vcex-animated-text vcex-module wpex-m-0 wpex-text-xl wpex-text-gray-900 wpex-font-semibold wpex-leading-none vcex-typed-text-wrap wpex-text-center\" style=\"color:#ffffff;font-size:42px;text-align:center;\"><span class=\"screen-reader-text\"><span>Chapiteaux, planchers et mobiliers pour l\u2019\u00e9v\u00e9nementiel<\/span><span>Partenaire de toutes vos r\u00e9alisations depuis 20 ans<\/span><span>La qualit\u00e9 au service de vos performances<\/span><span>Confiez-nous votre projet<\/span><span>Le leader des planchers d\u00e9montables et la fabrication de structures m\u00e9tallo-textiles<\/span><\/span><span class=\"vcex-ph wpex-inline-block wpex-invisible\"><\/span><span class=\"vcex-typed-text\" data-settings=\"{&quot;typeSpeed&quot;:20,&quot;loop&quot;:false,&quot;showCursor&quot;:false,&quot;backDelay&quot;:200,&quot;backSpeed&quot;:0,&quot;startDelay&quot;:0}\" data-strings=\"[&quot;Chapiteaux, planchers et mobiliers pour l\\u2019\\u00e9v\\u00e9nementiel&quot;,&quot;Partenaire de toutes vos r\\u00e9alisations depuis 20 ans&quot;,&quot;La qualit\\u00e9 au service de vos performances&quot;,&quot;Confiez-nous votre projet&quot;,&quot;Le leader des planchers d\\u00e9montables et la fabrication de structures m\\u00e9tallo-textiles&quot;]\"><\/span><\/div>[\/vc_column][\/vc_row][vc_row bg_style=\u00a0\u00bbstretch\u00a0\u00bb css=\u00a0\u00bb.vc_custom_1489543450047{margin-bottom: 20px !important;padding-top: 70px !important;}\u00a0\u00bb][vc_column]<div class=\"vcex-heading vcex-module wpex-text-2xl wpex-font-normal wpex-m-auto wpex-max-w-100 vcex-heading-plain wpex-block wpex-text-center\" style=\"color:#333333;\"><span class=\"vcex-heading-inner wpex-inline-block wpex-clr\">NOS SERVICES<\/span><\/div><div class=\"vcex-spacing wpex-w-100 wpex-clear\" style=\"height:10px;\"><\/div>[vc_column_text text_align=\u00a0\u00bbcenter\u00a0\u00bb color=\u00a0\u00bb#aaaaaa\u00a0\u00bb width=\u00a0\u00bb400px\u00a0\u00bb]Install\u00e9e au coeur de l\u2019Alsace pr\u00e8s de Strasbourg, ATS s\u2019est affirm\u00e9e comme le leader des planchers d\u00e9montables et comme acteur innovant dans la fabrication de structures m\u00e9tallo-textiles.[\/vc_column_text]<div class=\"vcex-module vcex-divider vcex-divider-solid wpex-max-w-100 wpex-mx-auto wpex-block wpex-h-0 wpex-border-b wpex-border-solid wpex-border-gray-200\" style=\"width:40px;margin-top:30px;border-bottom-width:1px;border-color:#888888;\"><\/div>[\/vc_column][\/vc_row][vc_row css=\u00a0\u00bb.vc_custom_1489543455704{padding-bottom: 20px !important;}\u00a0\u00bb][vc_column width=\u00a0\u00bb1\/3&Prime;]<div class=\"vcex-module vcex-icon-box vcex-icon-box-one wpex-relative wpex-flex wpex-text-left\"><div class=\"vcex-icon-box-symbol wpex-flex-shrink-0 wpex-mr-20\"><div class=\"vcex-icon-box-icon wpex-inline-flex wpex-items-center wpex-justify-center wpex-child-inherit-color wpex-text-center wpex-leading-none wpex-text-black\" style=\"color:#3f90bd;font-size:24px;\"><span class=\"ticon ticon-bookmark-o\" aria-hidden=\"true\"><\/span><\/div><\/div><div class=\"vcex-icon-box-text wpex-flex-grow\"><h2 class=\"vcex-icon-box-heading wpex-heading wpex-text-md wpex-mb-10\">Solutions tout en un<\/h2><div class=\"vcex-icon-box-content wpex-last-mb-0 wpex-clr\"><p>L\u2019\u00e9volution de l\u2019utilisation de la structure mobile nous a conduit \u00e0 proposer des solutions compl\u00e8tes cl\u00e9 en main. Ainsi que ce soit de l\u2019\u00e9v\u00e9nement, du stockage ou toute autre utilisation, nous proposons la structure \u00e9quip\u00e9e de plancher, de\u00a0 bardage, de fa\u00e7ades vitr\u00e9es, de portes, etc\u2026<\/p>\n<\/div><\/div><\/div>[\/vc_column][vc_column width=\u00a0\u00bb1\/3&Prime;]<div class=\"vcex-module vcex-icon-box vcex-icon-box-one wpex-relative wpex-flex wpex-text-left\"><div class=\"vcex-icon-box-symbol wpex-flex-shrink-0 wpex-mr-20\"><div class=\"vcex-icon-box-icon wpex-inline-flex wpex-items-center wpex-justify-center wpex-child-inherit-color wpex-text-center wpex-leading-none wpex-text-black\" style=\"color:#3f90bd;font-size:24px;\"><span class=\"ticon ticon-check-square-o\" aria-hidden=\"true\"><\/span><\/div><\/div><div class=\"vcex-icon-box-text wpex-flex-grow\"><h2 class=\"vcex-icon-box-heading wpex-heading wpex-text-md wpex-mb-10\">Fabrication<\/h2><div class=\"vcex-icon-box-content wpex-last-mb-0 wpex-clr\"><p>ATS con\u00e7oit la majorit\u00e9 de ses produits avec son propre bureau d\u2019\u00e9tudes. Le contr\u00f4le rigoureux de la production permet de garantir une qualit\u00e9 constante des produits.<\/p>\n<\/div><\/div><\/div>[\/vc_column][vc_column width=\u00a0\u00bb1\/3&Prime;]<div class=\"vcex-module vcex-icon-box vcex-icon-box-one wpex-relative wpex-flex wpex-text-left\"><div class=\"vcex-icon-box-symbol wpex-flex-shrink-0 wpex-mr-20\"><div class=\"vcex-icon-box-icon wpex-inline-flex wpex-items-center wpex-justify-center wpex-child-inherit-color wpex-text-center wpex-leading-none wpex-text-black\" style=\"color:#3f90bd;font-size:24px;\"><span class=\"ticon ticon-flag-o\" aria-hidden=\"true\"><\/span><\/div><\/div><div class=\"vcex-icon-box-text wpex-flex-grow\"><h2 class=\"vcex-icon-box-heading wpex-heading wpex-text-md wpex-mb-10\">Syst\u00e8mes fiables<\/h2><div class=\"vcex-icon-box-content wpex-last-mb-0 wpex-clr\"><p>Les produits ATS sont con\u00e7us pour un usage intensif. Fiables et robustes, ils conservent une belle pr\u00e9sentation m\u00eame apr\u00e8s de multiples utilisations.<\/p>\n<\/div><\/div><\/div>[\/vc_column][\/vc_row][vc_row css=\u00a0\u00bb.vc_custom_1489887676867{padding-bottom: 60px !important;}\u00a0\u00bb][vc_column width=\u00a0\u00bb1\/3&Prime;]<div class=\"vcex-module vcex-icon-box vcex-icon-box-one wpex-relative wpex-flex wpex-text-left\"><div class=\"vcex-icon-box-symbol wpex-flex-shrink-0 wpex-mr-20\"><div class=\"vcex-icon-box-icon wpex-inline-flex wpex-items-center wpex-justify-center wpex-child-inherit-color wpex-text-center wpex-leading-none wpex-text-black\" style=\"color:#3f90bd;font-size:24px;\"><span class=\"ticon ticon-heart-o\" aria-hidden=\"true\"><\/span><\/div><\/div><div class=\"vcex-icon-box-text wpex-flex-grow\"><h2 class=\"vcex-icon-box-heading wpex-heading wpex-text-md wpex-mb-10\">Des produits certifi\u00e9s<\/h2><div class=\"vcex-icon-box-content wpex-last-mb-0 wpex-clr\"><p>Tous les produits sont conformes aux normes europ\u00e9ennes. Normes NF environnement et certification TUV pour les planchers et le mobilier. Les traitements de bois et les peintures pour les pi\u00e9tements sont garantis sans nocivit\u00e9.<\/p>\n<\/div><\/div><\/div>[\/vc_column][vc_column width=\u00a0\u00bb1\/3&Prime;]<div class=\"vcex-module vcex-icon-box vcex-icon-box-one wpex-relative wpex-flex wpex-text-left\"><div class=\"vcex-icon-box-symbol wpex-flex-shrink-0 wpex-mr-20\"><div class=\"vcex-icon-box-icon wpex-inline-flex wpex-items-center wpex-justify-center wpex-child-inherit-color wpex-text-center wpex-leading-none wpex-text-black\" style=\"color:#3f90bd;font-size:24px;\"><span class=\"ticon ticon-files-o\" aria-hidden=\"true\"><\/span><\/div><\/div><div class=\"vcex-icon-box-text wpex-flex-grow\"><h2 class=\"vcex-icon-box-heading wpex-heading wpex-text-md wpex-mb-10\">Des racks sur mesure<\/h2><div class=\"vcex-icon-box-content wpex-last-mb-0 wpex-clr\"><p>Les racks r\u00e9alis\u00e9s sur mesure facilitent le transport, le chargement, le d\u00e9chargement des produits ainsi que leur stockage. Ces racks r\u00e9alis\u00e9s en acier galvanis\u00e9 accueillent : les entoilages, les planchers, les ossatures et le mobilier de brasserie. Cr\u00e9ation de racks selon vos besoins.<\/p>\n<\/div><\/div><\/div>[\/vc_column][vc_column width=\u00a0\u00bb1\/3&Prime;]<div class=\"vcex-module vcex-icon-box vcex-icon-box-one wpex-relative wpex-flex wpex-text-left\"><div class=\"vcex-icon-box-symbol wpex-flex-shrink-0 wpex-mr-20\"><div class=\"vcex-icon-box-icon wpex-inline-flex wpex-items-center wpex-justify-center wpex-child-inherit-color wpex-text-center wpex-leading-none wpex-text-black\" style=\"color:#3f90bd;font-size:24px;\"><span class=\"ticon ticon-star-o\" aria-hidden=\"true\"><\/span><\/div><\/div><div class=\"vcex-icon-box-text wpex-flex-grow\"><h2 class=\"vcex-icon-box-heading wpex-heading wpex-text-md wpex-mb-10\">Produits respectueux de l\u2019environnement<\/h2><div class=\"vcex-icon-box-content wpex-last-mb-0 wpex-clr\"><p>Tous nos bois sont de provenances europ\u00e9ennes, labellis\u00e9s, certifi\u00e9s PEFC et issus d\u2019usines certifi\u00e9es ISO. Les bois proviennent de for\u00eats replant\u00e9es.<\/p>\n<\/div><\/div><\/div>[\/vc_column][\/vc_row][vc_row full_width=\u00a0\u00bbstretch_row\u00a0\u00bb bg_style=\u00a0\u00bbstretch\u00a0\u00bb css=\u00a0\u00bb.vc_custom_1489543506273{padding-top: 70px !important;background-color: #f6f6f6 !important;}\u00a0\u00bb][vc_column][vc_column_text]\n<p style=\"text-align: center;\"><span style=\"font-size: 18px; color: #000000;\">NOS VALEURS<br \/>\n<\/span><\/p>\n<p style=\"text-align: center;\"><span style=\"color: #888888;\">Nos solutions sont faciles \u00e0 monter et \u00e0 d\u00e9monter m\u00eame par un personnel peu qualifi\u00e9 gr\u00e2ce \u00e0 l\u2019appui de nos notices de montage et de nos techniciens toujours \u00e0 l\u2019\u00e9coute de vos interrogations.<\/span><\/p>\n[\/vc_column_text]<div class=\"vcex-module vcex-divider vcex-divider-solid wpex-max-w-100 wpex-mx-auto wpex-block wpex-h-0 wpex-border-b wpex-border-solid wpex-border-gray-200\" style=\"width:40px;margin-top:30px;border-bottom-width:1px;border-color:#888888;\"><\/div>[\/vc_column][\/vc_row][vc_row full_width=\u00a0\u00bbstretch_row\u00a0\u00bb css=\u00a0\u00bb.vc_custom_1489543501988{padding-bottom: 60px !important;background-color: #f6f6f6 !important;}\u00a0\u00bb][vc_column width=\u00a0\u00bb1\/4&Prime;]<div class=\"vcex-module vcex-icon-box vcex-icon-box-two wpex-relative wpex-text-center\"><div class=\"vcex-icon-box-symbol wpex-mb-20\"><div class=\"vcex-icon-box-icon wpex-inline-flex wpex-items-center wpex-justify-center wpex-child-inherit-color wpex-text-center wpex-leading-none wpex-text-black\" style=\"color:#eeeeee;font-size:60px;border-radius:50%;background:#3f90bd;width:100px;height:100px;\"><span class=\"ticon ticon-lightbulb-o\" aria-hidden=\"true\"><\/span><\/div><\/div><div class=\"vcex-icon-box-text\"><h2 class=\"vcex-icon-box-heading wpex-heading wpex-text-md wpex-mb-10\">Enthousiasme<\/h2><div class=\"vcex-icon-box-content wpex-last-mb-0 wpex-clr\"><p>Chaque projet est unique et nous recherchons la solution la plus adapt\u00e9e pour votre projet.<\/p>\n<\/div><\/div><\/div>[\/vc_column][vc_column width=\u00a0\u00bb1\/4&Prime;]<div class=\"vcex-module vcex-icon-box vcex-icon-box-two wpex-relative wpex-text-center\"><div class=\"vcex-icon-box-symbol wpex-mb-20\"><div class=\"vcex-icon-box-icon wpex-inline-flex wpex-items-center wpex-justify-center wpex-child-inherit-color wpex-text-center wpex-leading-none wpex-text-black\" style=\"color:#eeeeee;font-size:60px;border-radius:50%;background:#3f90bd;width:100px;height:100px;\"><span class=\"ticon ticon-gear\" aria-hidden=\"true\"><\/span><\/div><\/div><div class=\"vcex-icon-box-text\"><h2 class=\"vcex-icon-box-heading wpex-heading wpex-text-md wpex-mb-10\">Audace<\/h2><div class=\"vcex-icon-box-content wpex-last-mb-0 wpex-clr\"><p>Sortir des sentiers battus pour vous trouver la solution innovante la plus adapt\u00e9e.<\/p>\n<\/div><\/div><\/div>[\/vc_column][vc_column width=\u00a0\u00bb1\/4&Prime;]<div class=\"vcex-module vcex-icon-box vcex-icon-box-two wpex-relative wpex-text-center\"><div class=\"vcex-icon-box-symbol wpex-mb-20\"><div class=\"vcex-icon-box-icon wpex-inline-flex wpex-items-center wpex-justify-center wpex-child-inherit-color wpex-text-center wpex-leading-none wpex-text-black\" style=\"color:#eeeeee;font-size:60px;border-radius:50%;background:#3f90bd;width:100px;height:100px;\"><span class=\"ticon ticon-refresh\" aria-hidden=\"true\"><\/span><\/div><\/div><div class=\"vcex-icon-box-text\"><h2 class=\"vcex-icon-box-heading wpex-heading wpex-text-md wpex-mb-10\">Int\u00e9grit\u00e9<\/h2><div class=\"vcex-icon-box-content wpex-last-mb-0 wpex-clr\"><p>C&rsquo;est une valeur fondamentale de l&rsquo;entreprise. Elle r\u00e9side en chacun de nos employ\u00e9s, favorisant l&rsquo;honn\u00eatet\u00e9 et la compr\u00e9hension de nos forces et de nos faiblesses.<\/p>\n<\/div><\/div><\/div>[\/vc_column][vc_column width=\u00a0\u00bb1\/4&Prime;]<div class=\"vcex-module vcex-icon-box vcex-icon-box-two wpex-relative wpex-text-center\"><div class=\"vcex-icon-box-symbol wpex-mb-20\"><div class=\"vcex-icon-box-icon wpex-inline-flex wpex-items-center wpex-justify-center wpex-child-inherit-color wpex-text-center wpex-leading-none wpex-text-black\" style=\"color:#eeeeee;font-size:60px;border-radius:50%;background:#3f90bd;width:100px;height:100px;\"><span class=\"ticon ticon-thumbs-o-up\" aria-hidden=\"true\"><\/span><\/div><\/div><div class=\"vcex-icon-box-text\"><h2 class=\"vcex-icon-box-heading wpex-heading wpex-text-md wpex-mb-10\">Courtoisie<\/h2><div class=\"vcex-icon-box-content wpex-last-mb-0 wpex-clr\"><p>Au quotidien, nous veillons \u00e0 faire preuve de professionnalisme, de convivialit\u00e9 et de courtoisie.<\/p>\n<\/div><\/div><\/div>[\/vc_column][\/vc_row][vc_row full_width=\u00a0\u00bbstretch_row\u00a0\u00bb bg_style=\u00a0\u00bbstretch\u00a0\u00bb css=\u00a0\u00bb.vc_custom_1548252620555{padding-top: 50px !important;padding-bottom: 10px !important;background-color: #005f9f !important;}\u00a0\u00bb][vc_column][vc_column_text text_align=\u00a0\u00bbcenter\u00a0\u00bb color=\u00a0\u00bb#ffffff\u00a0\u00bb font_size=\u00a0\u00bb18px\u00a0\u00bb]Confiez-nous vos projets : chapiteaux, planchers, mobilier personnalis\u00e9, structures mobiles et d\u2019installations \u00e9v\u00e9nementielles&#8230;[\/vc_column_text][\/vc_column][\/vc_row]\n","protected":false},"excerpt":{"rendered":"<p>[vc_row full_width=\u00a0\u00bbstretch_row\u00a0\u00bb wpex_bg_overlay=\u00a0\u00bbdark\u00a0\u00bb bg_style=\u00a0\u00bbfixed\u00a0\u00bb css=\u00a0\u00bb.vc_custom_1548843509615{padding-top: 160px !important;padding-bottom: 120px !important;background-image: url(https:\/\/www.ats67.com\/wp-content\/uploads\/2019\/01\/work-hard2.jpg?id=4988) !important;background-position: center !important;background-repeat: no-repeat !important;background-size: cover !important;}\u00a0\u00bb wpex_bg_overlay_opacity=\u00a0\u00bb0.5&Prime;][vc_column][\/vc_column][\/vc_row][vc_row bg_style=\u00a0\u00bbstretch\u00a0\u00bb css=\u00a0\u00bb.vc_custom_1489543450047{margin-bottom: 20px !important;padding-top: 70px !important;}\u00a0\u00bb][vc_column][vc_column_text text_align=\u00a0\u00bbcenter\u00a0\u00bb color=\u00a0\u00bb#aaaaaa\u00a0\u00bb width=\u00a0\u00bb400px\u00a0\u00bb]Install\u00e9e au coeur de l\u2019Alsace pr\u00e8s de Strasbourg, ATS s\u2019est affirm\u00e9e comme le leader des planchers d\u00e9montables et comme acteur innovant dans la fabrication de structures m\u00e9tallo-textiles.[\/vc_column_text][\/vc_column][\/vc_row][vc_row css=\u00a0\u00bb.vc_custom_1489543455704{padding-bottom: 20px&hellip;<\/p>\n","protected":false},"author":1,"featured_media":0,"parent":0,"menu_order":0,"comment_status":"closed","ping_status":"closed","template":"","meta":{"_monsterinsights_skip_tracking":false,"_monsterinsights_sitenote_active":false,"_monsterinsights_sitenote_note":"","_monsterinsights_sitenote_category":0},"_links":{"self":[{"href":"https:\/\/www.ats67.com\/index.php\/wp-json\/wp\/v2\/pages\/961"}],"collection":[{"href":"https:\/\/www.ats67.com\/index.php\/wp-json\/wp\/v2\/pages"}],"about":[{"href":"https:\/\/www.ats67.com\/index.php\/wp-json\/wp\/v2\/types\/page"}],"author":[{"embeddable":true,"href":"https:\/\/www.ats67.com\/index.php\/wp-json\/wp\/v2\/users\/1"}],"replies":[{"embeddable":true,"href":"https:\/\/www.ats67.com\/index.php\/wp-json\/wp\/v2\/comments?post=961"}],"version-history":[{"count":6,"href":"https:\/\/www.ats67.com\/index.php\/wp-json\/wp\/v2\/pages\/961\/revisions"}],"predecessor-version":[{"id":5607,"href":"https:\/\/www.ats67.com\/index.php\/wp-json\/wp\/v2\/pages\/961\/revisions\/5607"}],"wp:attachment":[{"href":"https:\/\/www.ats67.com\/index.php\/wp-json\/wp\/v2\/media?parent=961"}],"curies":[{"name":"wp","href":"https:\/\/api.w.org\/{rel}","templated":true}]}}