{"id":995,"date":"2013-12-01T05:26:12","date_gmt":"2013-12-01T05:26:12","guid":{"rendered":"http:\/\/wpexplorer-demos.com\/?page_id=995"},"modified":"2019-01-31T14:19:01","modified_gmt":"2019-01-31T13:19:01","slug":"service-laquage","status":"publish","type":"page","link":"https:\/\/www.ats67.com\/index.php\/service-laquage\/","title":{"rendered":"Service laquage"},"content":{"rendered":"[vc_row full_width=\u00a0\u00bbstretch_row_content_no_spaces\u00a0\u00bb][vc_column]<figure class=\"vcex-image vcex-module wpex-clr\"><div class=\"vcex-image-inner wpex-relative wpex-inline-block\"><img width=\"2000\" height=\"550\" src=\"https:\/\/www.ats67.com\/wp-content\/uploads\/2019\/01\/slide-lignelaquage.jpg\" class=\"wpex-align-middle\" alt=\"\" loading=\"lazy\" srcset=\"https:\/\/www.ats67.com\/wp-content\/uploads\/2019\/01\/slide-lignelaquage.jpg 2000w, https:\/\/www.ats67.com\/wp-content\/uploads\/2019\/01\/slide-lignelaquage-300x83.jpg 300w, https:\/\/www.ats67.com\/wp-content\/uploads\/2019\/01\/slide-lignelaquage-768x211.jpg 768w, https:\/\/www.ats67.com\/wp-content\/uploads\/2019\/01\/slide-lignelaquage-1024x282.jpg 1024w, https:\/\/www.ats67.com\/wp-content\/uploads\/2019\/01\/slide-lignelaquage-600x165.jpg 600w, https:\/\/www.ats67.com\/wp-content\/uploads\/2019\/01\/slide-lignelaquage-700x193.jpg 700w\" sizes=\"(max-width: 2000px) 100vw, 2000px\" \/><\/div><\/figure>[\/vc_column][\/vc_row][vc_row][vc_column][vc_column_text]\n<h1 style=\"text-align: center;\"><strong>Pour une meilleure qualit\u00e9 de finition, voici le nouveau service de laquage<\/strong><\/h1>\n<p style=\"text-align: center;\">Cette solution nous permet de ma\u00eetriser le traitement de surface des planchers mais \u00e9galement des \u00e9l\u00e9ments volum\u00e9triques.<br \/>\nGr\u00e2ce \u00e0 cet investissement, nous sommes aujourd\u2019hui en mesure de r\u00e9pondre rapidement \u00e0 vos besoins et \u00e9galement \u00e0 la r\u00e9novation de vos planchers.<\/p>\n[\/vc_column_text][\/vc_column][\/vc_row][vc_row bg_style=\u00a0\u00bbstretch\u00a0\u00bb][vc_column width=\u00a0\u00bb1\/2&Prime;][vc_column_text color=\u00a0\u00bb#333333&Prime; font_size=\u00a0\u00bb24px\u00a0\u00bb]Une nouvelle ligne de vernissage pour une meilleure qualit\u00e9 de finition.[\/vc_column_text][\/vc_column][vc_column width=\u00a0\u00bb1\/2&Prime;][vc_column_text]<span style=\"font-size: 14px;\">Forts de notre connaissance du bois, nous avons investis dans une ligne de vernissage avec des syst\u00e8mes innovants de finition et des proc\u00e9d\u00e9s modernes de vernis. La particularit\u00e9 des vernis nouvelle g\u00e9n\u00e9ration n\u00e9cessite aujourd\u2019hui des syst\u00e8mes d\u2019avant-garde.<\/span>[\/vc_column_text][\/vc_column][\/vc_row][vc_row bg_style=\u00a0\u00bbstretch\u00a0\u00bb][vc_column][\/vc_column][\/vc_row][vc_row][vc_column]<div class=\"vcex-module vcex-divider vcex-divider-solid wpex-max-w-100 wpex-mx-auto wpex-block wpex-h-0 wpex-border-b wpex-border-solid wpex-border-gray-200\"><\/div>[\/vc_column][\/vc_row][vc_row bg_style=\u00a0\u00bbstretch\u00a0\u00bb border_style=\u00a0\u00bbsolid\u00a0\u00bb][vc_column width=\u00a0\u00bb1\/4&Prime;]<div class=\"vcex-spacing wpex-w-100 wpex-clear\" style=\"height:20px;\"><\/div><div class=\"vcex-module vcex-icon vcex-icon-normal wpex-float-none wpex-m-auto wpex-text-center\" style=\"font-size:100px;\"><div class=\"vcex-icon-wrap wpex-inline-flex wpex-items-center wpex-justify-center wpex-leading-none\" style=\"color:#ffffff;background-color:#1796c6;border-radius:99px;height:160px;width:160px;\"><span class=\"ticon ticon-columns\"><\/span><\/div><\/div>[\/vc_column][vc_column width=\u00a0\u00bb3\/4&Prime; style=\u00a0\u00bbdefault\u00a0\u00bb bg_style=\u00a0\u00bbstretch\u00a0\u00bb padding_left=\u00a0\u00bb15px\u00a0\u00bb][vc_column_text]\n<h2>Vernisseuse cylindrique<\/h2>\n<p>Une machine comprenant un syst\u00e8me de chauffage, distribution et filtration du vernis, syst\u00e8mes de raclage et nettoyage du rouleau de transport, avec r\u00e9cup\u00e9ration du produit.<br \/>\nL\u2019utilisation de syst\u00e8mes d\u2019application \u00e0 cylindres pour le vernissage des panneaux plats est une technologie affirm\u00e9e depuis des ann\u00e9es.[\/vc_column_text][\/vc_column][\/vc_row][vc_row bg_style=\u00a0\u00bbstretch\u00a0\u00bb border_style=\u00a0\u00bbsolid\u00a0\u00bb padding_top=\u00a0\u00bb30px\u00a0\u00bb][vc_column width=\u00a0\u00bb1\/4&Prime;]<div class=\"vcex-spacing wpex-w-100 wpex-clear\" style=\"height:20px;\"><\/div><div class=\"vcex-module vcex-icon vcex-icon-normal wpex-float-none wpex-m-auto wpex-text-center\" style=\"font-size:100px;\"><div class=\"vcex-icon-wrap wpex-inline-flex wpex-items-center wpex-justify-center wpex-leading-none\" style=\"color:#ffffff;background-color:#e9c055;border-radius:99px;height:160px;width:160px;\"><span class=\"ticon ticon-mobile-phone\"><\/span><\/div><\/div>[\/vc_column][vc_column width=\u00a0\u00bb3\/4&Prime; style=\u00a0\u00bbdefault\u00a0\u00bb bg_style=\u00a0\u00bbstretch\u00a0\u00bb padding_left=\u00a0\u00bb15px\u00a0\u00bb][vc_column_text]\n<h2>Principaux avantages<\/h2>\n<p>&#8211; Absence totale d\u2019\u00e9missions de gaz polluants en atmosph\u00e8re, \u00e9tant donn\u00e9 que les produits utilis\u00e9s sont principalement \u00e0 base d\u2019eau (teintes et isolants) ou \u00e0 base UV (mastic, vernis de fond et de finition)<br \/>\n&#8211; Absence de pertes de produit : le vernis est totalement recycl\u00e9 et la partie qui n\u2019est pas appliqu\u00e9e sur la surface est renvoy\u00e9e dans le r\u00e9servoir pour \u00eatre r\u00e9utilis\u00e9e.<br \/>\nLe syst\u00e8me de transport \u00e0 tapis rev\u00eatu en caoutchouc vulcanis\u00e9, permet un vernissage homog\u00e8ne et r\u00e9gulier.[\/vc_column_text][\/vc_column][\/vc_row][vc_row bg_style=\u00a0\u00bbstretch\u00a0\u00bb border_style=\u00a0\u00bbsolid\u00a0\u00bb padding_top=\u00a0\u00bb30px\u00a0\u00bb][vc_column width=\u00a0\u00bb1\/4&Prime;]<div class=\"vcex-spacing wpex-w-100 wpex-clear\" style=\"height:20px;\"><\/div><div class=\"vcex-module vcex-icon vcex-icon-normal wpex-float-none wpex-m-auto wpex-text-center\" style=\"font-size:100px;\"><div class=\"vcex-icon-wrap wpex-inline-flex wpex-items-center wpex-justify-center wpex-leading-none\" style=\"color:#ffffff;background-color:#00c1e1;border-radius:99px;height:160px;width:160px;\"><span class=\"ticon ticon-gears\"><\/span><\/div><\/div>[\/vc_column][vc_column width=\u00a0\u00bb3\/4&Prime; style=\u00a0\u00bbdefault\u00a0\u00bb bg_style=\u00a0\u00bbstretch\u00a0\u00bb padding_left=\u00a0\u00bb15px\u00a0\u00bb][vc_column_text]\n<h2>Fours \u00e0 rayons UV<\/h2>\n<p>Les fours \u00e0 rayons UV, repr\u00e9sentent une solution largement utilis\u00e9e pour le s\u00e9chage de vernis photosensibles contenant une composante chimique qui r\u00e9agit \u00e0 l\u2019action des rayons ultraviolets.<br \/>\nL\u2019utilisation de vernis UV donne le double avantage de raccourcir les temps de s\u00e9chage par rapport aux vernis traditionnels et d\u2019augmenter en m\u00eame temps la r\u00e9sistance superficielle du produit trait\u00e9.<br \/>\nLes fours comprennent plusieurs lampes UV horizontales pour assurer le s\u00e9chage.[\/vc_column_text][\/vc_column][\/vc_row][vc_row][vc_column][\/vc_column][\/vc_row]\n","protected":false},"excerpt":{"rendered":"<p>[vc_row full_width=\u00a0\u00bbstretch_row_content_no_spaces\u00a0\u00bb][vc_column][\/vc_column][\/vc_row][vc_row][vc_column][vc_column_text] Pour une meilleure qualit\u00e9 de finition, voici le nouveau service de laquage Cette solution nous permet de ma\u00eetriser le traitement de surface des planchers mais \u00e9galement des \u00e9l\u00e9ments volum\u00e9triques. Gr\u00e2ce \u00e0 cet investissement, nous sommes aujourd\u2019hui en mesure de r\u00e9pondre rapidement \u00e0 vos besoins et \u00e9galement \u00e0 la r\u00e9novation de vos planchers. [\/vc_column_text][\/vc_column][\/vc_row][vc_row&hellip;<\/p>\n","protected":false},"author":1,"featured_media":0,"parent":0,"menu_order":0,"comment_status":"closed","ping_status":"closed","template":"","meta":{"_monsterinsights_skip_tracking":false,"_monsterinsights_sitenote_active":false,"_monsterinsights_sitenote_note":"","_monsterinsights_sitenote_category":0},"_links":{"self":[{"href":"https:\/\/www.ats67.com\/index.php\/wp-json\/wp\/v2\/pages\/995"}],"collection":[{"href":"https:\/\/www.ats67.com\/index.php\/wp-json\/wp\/v2\/pages"}],"about":[{"href":"https:\/\/www.ats67.com\/index.php\/wp-json\/wp\/v2\/types\/page"}],"author":[{"embeddable":true,"href":"https:\/\/www.ats67.com\/index.php\/wp-json\/wp\/v2\/users\/1"}],"replies":[{"embeddable":true,"href":"https:\/\/www.ats67.com\/index.php\/wp-json\/wp\/v2\/comments?post=995"}],"version-history":[{"count":17,"href":"https:\/\/www.ats67.com\/index.php\/wp-json\/wp\/v2\/pages\/995\/revisions"}],"predecessor-version":[{"id":5516,"href":"https:\/\/www.ats67.com\/index.php\/wp-json\/wp\/v2\/pages\/995\/revisions\/5516"}],"wp:attachment":[{"href":"https:\/\/www.ats67.com\/index.php\/wp-json\/wp\/v2\/media?parent=995"}],"curies":[{"name":"wp","href":"https:\/\/api.w.org\/{rel}","templated":true}]}}